{"id":2,"date":"2022-04-27T10:04:36","date_gmt":"2022-04-27T10:04:36","guid":{"rendered":"http:\/\/localhost\/wordpress\/?page_id=2"},"modified":"2022-05-29T17:08:40","modified_gmt":"2022-05-29T17:08:40","slug":"home","status":"publish","type":"page","link":"https:\/\/www.myvalentine.cz\/","title":{"rendered":"home"},"content":{"rendered":"\t\t<div data-elementor-type=\"wp-page\" data-elementor-id=\"2\" class=\"elementor elementor-2\">\n\t\t\t\t\t\t<section class=\"elementor-section elementor-top-section elementor-element elementor-element-1db60dce elementor-section-height-min-height elementor-section-content-middle elementor-section-boxed elementor-section-height-default elementor-section-items-middle\" data-id=\"1db60dce\" data-element_type=\"section\" data-settings=\"{&quot;background_background&quot;:&quot;classic&quot;}\">\n\t\t\t\t\t\t<div class=\"elementor-container elementor-column-gap-no\">\n\t\t\t\t\t<div class=\"elementor-column elementor-col-100 elementor-top-column elementor-element elementor-element-191dde88\" data-id=\"191dde88\" data-element_type=\"column\">\n\t\t\t<div class=\"elementor-widget-wrap elementor-element-populated\">\n\t\t\t\t\t\t<div class=\"elementor-element elementor-element-feb2f3d elementor-widget elementor-widget-image\" data-id=\"feb2f3d\" data-element_type=\"widget\" data-widget_type=\"image.default\">\n\t\t\t\t<div class=\"elementor-widget-container\">\n\t\t\t<style>\/*! elementor - v3.21.0 - 15-04-2024 *\/\n.elementor-widget-image{text-align:center}.elementor-widget-image a{display:inline-block}.elementor-widget-image a img[src$=\".svg\"]{width:48px}.elementor-widget-image img{vertical-align:middle;display:inline-block}<\/style>\t\t\t\t\t\t\t\t\t\t<img fetchpriority=\"high\" decoding=\"async\" width=\"800\" height=\"208\" src=\"https:\/\/www.myvalentine.cz\/wp-content\/uploads\/2022\/05\/logo_pink-1024x266.png\" class=\"attachment-large size-large wp-image-13\" alt=\"\" srcset=\"https:\/\/www.myvalentine.cz\/wp-content\/uploads\/2022\/05\/logo_pink-1024x266.png 1024w, https:\/\/www.myvalentine.cz\/wp-content\/uploads\/2022\/05\/logo_pink-300x78.png 300w, https:\/\/www.myvalentine.cz\/wp-content\/uploads\/2022\/05\/logo_pink-768x199.png 768w, https:\/\/www.myvalentine.cz\/wp-content\/uploads\/2022\/05\/logo_pink-1536x398.png 1536w, https:\/\/www.myvalentine.cz\/wp-content\/uploads\/2022\/05\/logo_pink-2048x531.png 2048w\" sizes=\"(max-width: 800px) 100vw, 800px\" \/>\t\t\t\t\t\t\t\t\t\t\t\t\t<\/div>\n\t\t\t\t<\/div>\n\t\t\t\t<div class=\"elementor-element elementor-element-35eb9a3 elementor-widget elementor-widget-heading\" data-id=\"35eb9a3\" data-element_type=\"widget\" data-widget_type=\"heading.default\">\n\t\t\t\t<div class=\"elementor-widget-container\">\n\t\t\t<style>\/*! elementor - v3.21.0 - 15-04-2024 *\/\n.elementor-heading-title{padding:0;margin:0;line-height:1}.elementor-widget-heading .elementor-heading-title[class*=elementor-size-]>a{color:inherit;font-size:inherit;line-height:inherit}.elementor-widget-heading .elementor-heading-title.elementor-size-small{font-size:15px}.elementor-widget-heading .elementor-heading-title.elementor-size-medium{font-size:19px}.elementor-widget-heading .elementor-heading-title.elementor-size-large{font-size:29px}.elementor-widget-heading .elementor-heading-title.elementor-size-xl{font-size:39px}.elementor-widget-heading .elementor-heading-title.elementor-size-xxl{font-size:59px}<\/style><h2 class=\"elementor-heading-title elementor-size-default\">Makronky Sladk\u00e9 Aj Slan\u00e9<\/h2>\t\t<\/div>\n\t\t\t\t<\/div>\n\t\t\t\t<div class=\"elementor-element elementor-element-53c75f67 elementor-widget elementor-widget-text-editor\" data-id=\"53c75f67\" data-element_type=\"widget\" data-widget_type=\"text-editor.default\">\n\t\t\t\t<div class=\"elementor-widget-container\">\n\t\t\t<style>\/*! elementor - v3.21.0 - 15-04-2024 *\/\n.elementor-widget-text-editor.elementor-drop-cap-view-stacked .elementor-drop-cap{background-color:#69727d;color:#fff}.elementor-widget-text-editor.elementor-drop-cap-view-framed .elementor-drop-cap{color:#69727d;border:3px solid;background-color:transparent}.elementor-widget-text-editor:not(.elementor-drop-cap-view-default) .elementor-drop-cap{margin-top:8px}.elementor-widget-text-editor:not(.elementor-drop-cap-view-default) .elementor-drop-cap-letter{width:1em;height:1em}.elementor-widget-text-editor .elementor-drop-cap{float:left;text-align:center;line-height:1;font-size:50px}.elementor-widget-text-editor .elementor-drop-cap-letter{display:inline-block}<\/style>\t\t\t\t<p>Ahoj, jmenuje se Ivana a upe\u010du pro V\u00e1s s L\u00c1SKOU makronky, dorty, cakepops, cupcake, cheesecake a spousty dal\u0161\u00ed dobrot pro ka\u017edou p\u0159\u00edle\u017eitost. Koukn\u011bte na m\u016fj Instagram a napi\u0161te mi.<\/p>\t\t\t\t\t\t<\/div>\n\t\t\t\t<\/div>\n\t\t\t\t<div class=\"elementor-element elementor-element-2f7f6c8b elementor-align-center elementor-widget elementor-widget-button\" data-id=\"2f7f6c8b\" data-element_type=\"widget\" data-widget_type=\"button.default\">\n\t\t\t\t<div class=\"elementor-widget-container\">\n\t\t\t\t\t<div class=\"elementor-button-wrapper\">\n\t\t\t<a class=\"elementor-button elementor-button-link elementor-size-sm elementor-animation-grow\" href=\"https:\/\/www.instagram.com\/m.y_v.a.l.e.n.t.i.n.e\/\">\n\t\t\t\t\t\t<span class=\"elementor-button-content-wrapper\">\n\t\t\t\t\t\t\t\t\t<span class=\"elementor-button-text\">Kontakt<\/span>\n\t\t\t\t\t<\/span>\n\t\t\t\t\t<\/a>\n\t\t<\/div>\n\t\t\t\t<\/div>\n\t\t\t\t<\/div>\n\t\t\t\t<div class=\"elementor-element elementor-element-4f272e5 elementor-absolute animated-slow elementor-invisible elementor-widget elementor-widget-image\" data-id=\"4f272e5\" data-element_type=\"widget\" data-settings=\"{&quot;_position&quot;:&quot;absolute&quot;,&quot;_animation&quot;:&quot;bounceInDown&quot;,&quot;_animation_delay&quot;:1}\" data-widget_type=\"image.default\">\n\t\t\t\t<div class=\"elementor-widget-container\">\n\t\t\t\t\t\t\t\t\t\t\t\t\t<img decoding=\"async\" width=\"271\" height=\"271\" src=\"https:\/\/www.myvalentine.cz\/wp-content\/uploads\/2022\/05\/markonka_zluta.png\" class=\"attachment-large size-large wp-image-31\" alt=\"\" srcset=\"https:\/\/www.myvalentine.cz\/wp-content\/uploads\/2022\/05\/markonka_zluta.png 271w, https:\/\/www.myvalentine.cz\/wp-content\/uploads\/2022\/05\/markonka_zluta-150x150.png 150w\" sizes=\"(max-width: 271px) 100vw, 271px\" \/>\t\t\t\t\t\t\t\t\t\t\t\t\t<\/div>\n\t\t\t\t<\/div>\n\t\t\t\t<div class=\"elementor-element elementor-element-d59b40c elementor-absolute animated-slow elementor-invisible elementor-widget elementor-widget-image\" data-id=\"d59b40c\" data-element_type=\"widget\" data-settings=\"{&quot;_position&quot;:&quot;absolute&quot;,&quot;_animation&quot;:&quot;bounceInDown&quot;,&quot;_animation_delay&quot;:1}\" data-widget_type=\"image.default\">\n\t\t\t\t<div class=\"elementor-widget-container\">\n\t\t\t\t\t\t\t\t\t\t\t\t\t<img decoding=\"async\" width=\"150\" height=\"150\" src=\"https:\/\/www.myvalentine.cz\/wp-content\/uploads\/2022\/05\/markonka_oranzova-150x150.png\" class=\"attachment-thumbnail size-thumbnail wp-image-68\" alt=\"\" \/>\t\t\t\t\t\t\t\t\t\t\t\t\t<\/div>\n\t\t\t\t<\/div>\n\t\t\t\t<div class=\"elementor-element elementor-element-0c9ffb5 elementor-absolute animated-slow elementor-invisible elementor-widget elementor-widget-image\" data-id=\"0c9ffb5\" data-element_type=\"widget\" data-settings=\"{&quot;_position&quot;:&quot;absolute&quot;,&quot;_animation&quot;:&quot;bounceInDown&quot;,&quot;_animation_delay&quot;:1}\" data-widget_type=\"image.default\">\n\t\t\t\t<div class=\"elementor-widget-container\">\n\t\t\t\t\t\t\t\t\t\t\t\t\t<img loading=\"lazy\" decoding=\"async\" width=\"271\" height=\"255\" src=\"https:\/\/www.myvalentine.cz\/wp-content\/uploads\/2022\/05\/markonka_ruzova.png\" class=\"attachment-large size-large wp-image-62\" alt=\"\" \/>\t\t\t\t\t\t\t\t\t\t\t\t\t<\/div>\n\t\t\t\t<\/div>\n\t\t\t\t\t<\/div>\n\t\t<\/div>\n\t\t\t\t\t<\/div>\n\t\t<\/section>\n\t\t\t\t<\/div>\n\t\t","protected":false},"excerpt":{"rendered":"<p>Makronky Sladk\u00e9 Aj Slan\u00e9 Ahoj, jmenuje se Ivana a upe\u010du pro V\u00e1s s L\u00c1SKOU makronky, dorty, cakepops, cupcake, cheesecake a spousty dal\u0161\u00ed dobrot pro ka\u017edou p\u0159\u00edle\u017eitost. Koukn\u011bte na m\u016fj Instagram a napi\u0161te mi. Kontakt<\/p>\n","protected":false},"author":1,"featured_media":0,"parent":0,"menu_order":0,"comment_status":"closed","ping_status":"closed","template":"elementor_canvas","meta":{"footnotes":""},"class_list":["post-2","page","type-page","status-publish","hentry"],"yoast_head":"<!-- This site is optimized with the Yoast SEO plugin v18.9 - https:\/\/yoast.com\/wordpress\/plugins\/seo\/ -->\n<title>home - myvalentine.cz<\/title>\n<meta name=\"robots\" content=\"index, follow, max-snippet:-1, max-image-preview:large, max-video-preview:-1\" \/>\n<link rel=\"canonical\" href=\"https:\/\/www.myvalentine.cz\/\" \/>\n<meta property=\"og:locale\" content=\"cs_CZ\" \/>\n<meta property=\"og:type\" content=\"article\" \/>\n<meta property=\"og:title\" content=\"home - myvalentine.cz\" \/>\n<meta property=\"og:description\" content=\"Makronky Sladk\u00e9 Aj Slan\u00e9 Ahoj, jmenuje se Ivana a upe\u010du pro V\u00e1s s L\u00c1SKOU makronky, dorty, cakepops, cupcake, cheesecake a spousty dal\u0161\u00ed dobrot pro ka\u017edou p\u0159\u00edle\u017eitost. Koukn\u011bte na m\u016fj Instagram a napi\u0161te mi. Kontakt\" \/>\n<meta property=\"og:url\" content=\"https:\/\/www.myvalentine.cz\/\" \/>\n<meta property=\"og:site_name\" content=\"myvalentine.cz\" \/>\n<meta property=\"article:modified_time\" content=\"2022-05-29T17:08:40+00:00\" \/>\n<meta property=\"og:image\" content=\"http:\/\/www.myvalentine.cz\/wp-content\/uploads\/2022\/05\/logo_pink-1024x266.png\" \/>\n<meta name=\"twitter:card\" content=\"summary_large_image\" \/>\n<meta name=\"twitter:label1\" content=\"Odhadovan\u00e1 doba \u010dten\u00ed\" \/>\n\t<meta name=\"twitter:data1\" content=\"1 minuta\" \/>\n<script type=\"application\/ld+json\" class=\"yoast-schema-graph\">{\"@context\":\"https:\/\/schema.org\",\"@graph\":[{\"@type\":\"WebSite\",\"@id\":\"https:\/\/www.myvalentine.cz\/#website\",\"url\":\"https:\/\/www.myvalentine.cz\/\",\"name\":\"myvalentine.cz\",\"description\":\"makronky sladk\u00e9 aj slan\u00e9\",\"potentialAction\":[{\"@type\":\"SearchAction\",\"target\":{\"@type\":\"EntryPoint\",\"urlTemplate\":\"https:\/\/www.myvalentine.cz\/?s={search_term_string}\"},\"query-input\":\"required name=search_term_string\"}],\"inLanguage\":\"cs\"},{\"@type\":\"ImageObject\",\"inLanguage\":\"cs\",\"@id\":\"https:\/\/www.myvalentine.cz\/#primaryimage\",\"url\":\"http:\/\/www.myvalentine.cz\/wp-content\/uploads\/2022\/05\/logo_pink-1024x266.png\",\"contentUrl\":\"http:\/\/www.myvalentine.cz\/wp-content\/uploads\/2022\/05\/logo_pink-1024x266.png\"},{\"@type\":\"WebPage\",\"@id\":\"https:\/\/www.myvalentine.cz\/#webpage\",\"url\":\"https:\/\/www.myvalentine.cz\/\",\"name\":\"home - myvalentine.cz\",\"isPartOf\":{\"@id\":\"https:\/\/www.myvalentine.cz\/#website\"},\"primaryImageOfPage\":{\"@id\":\"https:\/\/www.myvalentine.cz\/#primaryimage\"},\"datePublished\":\"2022-04-27T10:04:36+00:00\",\"dateModified\":\"2022-05-29T17:08:40+00:00\",\"breadcrumb\":{\"@id\":\"https:\/\/www.myvalentine.cz\/#breadcrumb\"},\"inLanguage\":\"cs\",\"potentialAction\":[{\"@type\":\"ReadAction\",\"target\":[\"https:\/\/www.myvalentine.cz\/\"]}]},{\"@type\":\"BreadcrumbList\",\"@id\":\"https:\/\/www.myvalentine.cz\/#breadcrumb\",\"itemListElement\":[{\"@type\":\"ListItem\",\"position\":1,\"name\":\"Dom\u016f\",\"item\":\"https:\/\/www.myvalentine.cz\/\"},{\"@type\":\"ListItem\",\"position\":2,\"name\":\"home\"}]}]}<\/script>\n<!-- \/ Yoast SEO plugin. -->","yoast_head_json":{"title":"home - myvalentine.cz","robots":{"index":"index","follow":"follow","max-snippet":"max-snippet:-1","max-image-preview":"max-image-preview:large","max-video-preview":"max-video-preview:-1"},"canonical":"https:\/\/www.myvalentine.cz\/","og_locale":"cs_CZ","og_type":"article","og_title":"home - myvalentine.cz","og_description":"Makronky Sladk\u00e9 Aj Slan\u00e9 Ahoj, jmenuje se Ivana a upe\u010du pro V\u00e1s s L\u00c1SKOU makronky, dorty, cakepops, cupcake, cheesecake a spousty dal\u0161\u00ed dobrot pro ka\u017edou p\u0159\u00edle\u017eitost. Koukn\u011bte na m\u016fj Instagram a napi\u0161te mi. Kontakt","og_url":"https:\/\/www.myvalentine.cz\/","og_site_name":"myvalentine.cz","article_modified_time":"2022-05-29T17:08:40+00:00","og_image":[{"url":"http:\/\/www.myvalentine.cz\/wp-content\/uploads\/2022\/05\/logo_pink-1024x266.png"}],"twitter_card":"summary_large_image","twitter_misc":{"Odhadovan\u00e1 doba \u010dten\u00ed":"1 minuta"},"schema":{"@context":"https:\/\/schema.org","@graph":[{"@type":"WebSite","@id":"https:\/\/www.myvalentine.cz\/#website","url":"https:\/\/www.myvalentine.cz\/","name":"myvalentine.cz","description":"makronky sladk\u00e9 aj slan\u00e9","potentialAction":[{"@type":"SearchAction","target":{"@type":"EntryPoint","urlTemplate":"https:\/\/www.myvalentine.cz\/?s={search_term_string}"},"query-input":"required name=search_term_string"}],"inLanguage":"cs"},{"@type":"ImageObject","inLanguage":"cs","@id":"https:\/\/www.myvalentine.cz\/#primaryimage","url":"http:\/\/www.myvalentine.cz\/wp-content\/uploads\/2022\/05\/logo_pink-1024x266.png","contentUrl":"http:\/\/www.myvalentine.cz\/wp-content\/uploads\/2022\/05\/logo_pink-1024x266.png"},{"@type":"WebPage","@id":"https:\/\/www.myvalentine.cz\/#webpage","url":"https:\/\/www.myvalentine.cz\/","name":"home - myvalentine.cz","isPartOf":{"@id":"https:\/\/www.myvalentine.cz\/#website"},"primaryImageOfPage":{"@id":"https:\/\/www.myvalentine.cz\/#primaryimage"},"datePublished":"2022-04-27T10:04:36+00:00","dateModified":"2022-05-29T17:08:40+00:00","breadcrumb":{"@id":"https:\/\/www.myvalentine.cz\/#breadcrumb"},"inLanguage":"cs","potentialAction":[{"@type":"ReadAction","target":["https:\/\/www.myvalentine.cz\/"]}]},{"@type":"BreadcrumbList","@id":"https:\/\/www.myvalentine.cz\/#breadcrumb","itemListElement":[{"@type":"ListItem","position":1,"name":"Dom\u016f","item":"https:\/\/www.myvalentine.cz\/"},{"@type":"ListItem","position":2,"name":"home"}]}]}},"_links":{"self":[{"href":"https:\/\/www.myvalentine.cz\/index.php?rest_route=\/wp\/v2\/pages\/2","targetHints":{"allow":["GET"]}}],"collection":[{"href":"https:\/\/www.myvalentine.cz\/index.php?rest_route=\/wp\/v2\/pages"}],"about":[{"href":"https:\/\/www.myvalentine.cz\/index.php?rest_route=\/wp\/v2\/types\/page"}],"author":[{"embeddable":true,"href":"https:\/\/www.myvalentine.cz\/index.php?rest_route=\/wp\/v2\/users\/1"}],"replies":[{"embeddable":true,"href":"https:\/\/www.myvalentine.cz\/index.php?rest_route=%2Fwp%2Fv2%2Fcomments&post=2"}],"version-history":[{"count":64,"href":"https:\/\/www.myvalentine.cz\/index.php?rest_route=\/wp\/v2\/pages\/2\/revisions"}],"predecessor-version":[{"id":99,"href":"https:\/\/www.myvalentine.cz\/index.php?rest_route=\/wp\/v2\/pages\/2\/revisions\/99"}],"wp:attachment":[{"href":"https:\/\/www.myvalentine.cz\/index.php?rest_route=%2Fwp%2Fv2%2Fmedia&parent=2"}],"curies":[{"name":"wp","href":"https:\/\/api.w.org\/{rel}","templated":true}]}}